{"id":160,"date":"2026-04-01T02:02:43","date_gmt":"2026-04-01T02:02:43","guid":{"rendered":"http:\/\/localhost\/biznext\/?page_id=160"},"modified":"2026-04-07T03:16:40","modified_gmt":"2026-04-07T03:16:40","slug":"elementor-trang-160","status":"publish","type":"page","link":"https:\/\/biznext.vn\/index.php\/elementor-trang-160\/","title":{"rendered":"Tra C\u1ee9u"},"content":{"rendered":"\t\t<div data-elementor-type=\"wp-page\" data-elementor-id=\"160\" class=\"elementor elementor-160\">\n\t\t\t\t\t\t<section class=\"elementor-section elementor-top-section elementor-element elementor-element-a0f9fd1 elementor-section-boxed elementor-section-height-default elementor-section-height-default\" data-id=\"a0f9fd1\" data-element_type=\"section\" data-e-type=\"section\">\n\t\t\t\t\t\t<div class=\"elementor-container elementor-column-gap-default\">\n\t\t\t\t\t<div class=\"elementor-column elementor-col-100 elementor-top-column elementor-element elementor-element-776d62e\" data-id=\"776d62e\" data-element_type=\"column\" data-e-type=\"column\">\n\t\t\t<div class=\"elementor-widget-wrap elementor-element-populated\">\n\t\t\t\t\t\t<div class=\"elementor-element elementor-element-063f0ed elementor-widget elementor-widget-html\" data-id=\"063f0ed\" data-element_type=\"widget\" data-e-type=\"widget\" data-widget_type=\"html.default\">\n\t\t\t\t<div class=\"elementor-widget-container\">\n\t\t\t\t\t <main>\r\n<div class=\"hero-content\">\r\n                                <div class=\"hero-badge\">\r\n                                    <span>Tra c\u1ee9u th\u00f4ng tin<\/span>\r\n                                <\/div>\r\n                                <h1 class=\"hero-title\">Tra c\u1ee9u h\u00f3a \u0111\u01a1n & th\u00f4ng tin doanh nghi\u1ec7p<\/h1>\r\n                                <p class=\"hero-description\">Ki\u1ec3m tra t\u00ednh h\u1ee3p ph\u00e1p c\u1ee7a h\u00f3a \u0111\u01a1n \u0111i\u1ec7n t\u1eed v\u00e0 tra c\u1ee9u th\u00f4ng tin doanh nghi\u1ec7p nhanh ch\u00f3ng<\/p>\r\n                            <\/div>\r\n            <\/main>\t\t\t\t<\/div>\n\t\t\t\t<\/div>\n\t\t\t\t<div class=\"elementor-element elementor-element-caa5cca elementor-widget elementor-widget-shortcode\" data-id=\"caa5cca\" data-element_type=\"widget\" data-e-type=\"widget\" data-widget_type=\"shortcode.default\">\n\t\t\t\t<div class=\"elementor-widget-container\">\n\t\t\t\t\t\t\t<div class=\"elementor-shortcode\"><style>\n.lookup-box {\n    background: #fff;\n    border-radius: 14px;\n    box-shadow: 0 2px 16px rgba(0,0,0,0.08);\n    padding: 24px 28px 28px;\n    max-width: 680px;\n    margin: 30px auto;\n    font-family: Arial, sans-serif;\n    border: 1px solid #e8edf3;\n}\n.fpt-tab-bar { display: flex; gap: 8px; margin-bottom: 22px; }\n.fpt-tab {\n    display: inline-flex; align-items: center; gap: 7px;\n    padding: 9px 20px; border-radius: 8px;\n    border: 1.5px solid #1570ef;\n    background: #fff; font-size: 14px; font-weight: 600;\n    color: #1570ef; cursor: default;\n}\n.fpt-field-label {\n    font-size: 13px; font-weight: 700;\n    color: #101828; margin-bottom: 10px;\n}\n.fpt-search-row { display: flex; gap: 10px; align-items: center; }\n.fpt-search-input {\n    flex: 1; height: 46px; padding: 0 16px;\n    border: 1.5px solid #d0d5dd; border-radius: 8px;\n    font-size: 14px; color: #101828; outline: none;\n    font-family: inherit;\n    transition: border-color .18s, box-shadow .18s;\n}\n.fpt-search-input::placeholder { color: #98a2b3; }\n.fpt-search-input:focus {\n    border-color: #1570ef;\n    box-shadow: 0 0 0 3px rgba(21,112,239,.12);\n}\n.fpt-search-btn {\n    height: 46px; padding: 0 22px;\n    background: linear-gradient(135deg, #0066FF, #00AEEF);\n    color: #fff; border: none; border-radius: 8px;\n    font-size: 14px; font-weight: 600; cursor: pointer;\n    display: inline-flex; align-items: center; gap: 8px;\n    white-space: nowrap; font-family: inherit;\n    transition: opacity .18s, transform .15s;\n    box-shadow: 0 4px 14px rgba(0,102,255,.35);\n}\n.fpt-search-btn:hover { opacity: .88; transform: translateY(-1px); }\n.fpt-example-text { margin-top: 10px; font-size: 12.5px; color: #667085; }\n.fpt-api-result { margin-top: 20px; }\n.fpt-card {\n    background: #fff; border: 1px solid #e4e7ec;\n    border-left: 5px solid #1570ef; border-radius: 8px;\n    padding: 20px; box-shadow: 0 2px 6px rgba(0,0,0,0.05);\n}\n.fpt-card h2 { margin-top: 0; color: #1570ef; font-size: 18px; margin-bottom: 12px; }\n.fpt-card ul { list-style: none; padding-left: 0; margin: 0; }\n.fpt-card li {\n    margin: 6px 0; font-size: 13.5px;\n    border-bottom: 1px solid #f2f4f7; padding-bottom: 6px;\n}\n.fpt-card li:last-child { border-bottom: none; }\n.fpt-card strong { color: #344054; display: inline-block; min-width: 170px; }\n.fpt-card-error {\n    background: #fff4f2; border: 1px solid #fecdca;\n    padding: 14px 18px; border-radius: 8px;\n    color: #b42318; font-size: 13.5px;\n}\n.fpt-loading { text-align: center; color: #667085; font-size: 13.5px; padding: 16px 0; }\n<\/style>\n\n<div class=\"lookup-box\">\n    <div class=\"fpt-tab-bar\">\n        <div class=\"fpt-tab\">\n            <svg width=\"15\" height=\"15\" viewBox=\"0 0 24 24\" fill=\"none\"\n                 stroke=\"#1570ef\" stroke-width=\"2\"\n                 stroke-linecap=\"round\" stroke-linejoin=\"round\">\n                <rect x=\"3\" y=\"3\" width=\"18\" height=\"18\" rx=\"2\"\/>\n                <path d=\"M9 3v18M15 3v18M3 9h18M3 15h18\"\/>\n            <\/svg>\n            Doanh nghi\u1ec7p\n        <\/div>\n    <\/div>\n\n    <div class=\"fpt-field-label\">T\u00ean ho\u1eb7c m\u00e3 s\u1ed1 thu\u1ebf doanh nghi\u1ec7p<\/div>\n\n    <form id=\"fpt-api-form\" onsubmit=\"doFptSearch(event)\">\n        <div class=\"fpt-search-row\">\n            <input type=\"text\" id=\"mst\" name=\"mst\"\n                   class=\"fpt-search-input\"\n                   placeholder=\"Nh\u1eadp t\u00ean ho\u1eb7c m\u00e3 s\u1ed1 thu\u1ebf doanh nghi\u1ec7p...\"\n                   required \/>\n            <button type=\"submit\" class=\"fpt-search-btn\">\n                <svg width=\"15\" height=\"15\" viewBox=\"0 0 24 24\" fill=\"none\"\n                     stroke=\"#fff\" stroke-width=\"2.5\"\n                     stroke-linecap=\"round\" stroke-linejoin=\"round\">\n                    <circle cx=\"11\" cy=\"11\" r=\"8\"\/>\n                    <line x1=\"21\" y1=\"21\" x2=\"16.65\" y2=\"16.65\"\/>\n                <\/svg>\n                Tra c\u1ee9u\n            <\/button>\n        <\/div>\n        <div class=\"fpt-example-text\">V\u00ed d\u1ee5: 0103829078 ho\u1eb7c C\u00f4ng ty FPT<\/div>\n    <\/form>\n\n    <div id=\"fpt-api-result\" class=\"fpt-api-result\"><\/div>\n<\/div>\n\n    <script>\n    document.getElementById('fpt-api-form').addEventListener('submit', function(e) {\n        e.preventDefault();\n        const mst = document.getElementById('mst').value;\n\n        fetch('https:\/\/biznext.vn\/wp-admin\/admin-ajax.php', {\n            method: 'POST',\n            headers: {'Content-Type': 'application\/x-www-form-urlencoded'},\n            body: new URLSearchParams({\n                action: 'call_fpt_api_ajax',\n                mst: mst\n            })\n        })\n        .then(res => res.text())\n        .then(data => {\n            document.getElementById('fpt-api-result').innerHTML = data;\n        })\n        .catch(err => {\n            document.getElementById('fpt-api-result').innerHTML = '<div class=\"fpt-card-error\">L\u1ed7i k\u1ebft n\u1ed1i: ' + err + '<\/div>';\n        });\n    });\n    <\/script>\n    <\/div>\n\t\t\t\t\t\t<\/div>\n\t\t\t\t<\/div>\n\t\t\t\t<div class=\"elementor-element elementor-element-83b9c80 elementor-widget elementor-widget-html\" data-id=\"83b9c80\" data-element_type=\"widget\" data-e-type=\"widget\" data-widget_type=\"html.default\">\n\t\t\t\t<div class=\"elementor-widget-container\">\n\t\t\t\t\t<!DOCTYPE html>\r\n<html lang=\"en\">\r\n\r\n<head>\r\n    <meta charset=\"UTF-8\">\r\n    <meta name=\"viewport\" content=\"width=device-width, initial-scale=1.0\">\r\n    <title>Document<\/title>\r\n    <!-- <link rel=\"stylesheet\" href=\"TraCuu.css\"> -->\r\n<\/head>\r\n\r\n<body>\r\n    <main>\r\n        <!-- Hero Section -->\r\n        <section class=\"hero-section\">\r\n            <div class=\"container\">\r\n\r\n                <!-- Features Grid -->\r\n                <div class=\"features-grid\">\r\n                    <div class=\"feature-card\">\r\n                        <div class=\"feature-content\">\r\n                            <div class=\"feature-icon\">\r\n                                <svg width=\"24\" height=\"24\" viewBox=\"0 0 24 24\" fill=\"none\" stroke=\"currentColor\"\r\n                                    stroke-width=\"2\" stroke-linecap=\"round\" stroke-linejoin=\"round\">\r\n                                    <path d=\"M15 2H6a2 2 0 0 0-2 2v16a2 2 0 0 0 2 2h12a2 2 0 0 0 2-2V7Z\"><\/path>\r\n                                    <path d=\"M14 2v4a2 2 0 0 0 2 2h4\"><\/path>\r\n                                    <path d=\"M10 9H8\"><\/path>\r\n                                    <path d=\"M16 13H8\"><\/path>\r\n                                    <path d=\"M16 17H8\"><\/path>\r\n                                <\/svg>\r\n                            <\/div>\r\n                            <h3 class=\"feature-title\">Mi\u1ec5n ph\u00ed<\/h3>\r\n                            <p class=\"feature-description\">Tra c\u1ee9u kh\u00f4ng gi\u1edbi h\u1ea1n, ho\u00e0n to\u00e0n mi\u1ec5n ph\u00ed<\/p>\r\n                        <\/div>\r\n                    <\/div>\r\n\r\n                    <div class=\"feature-card\">\r\n                        <div class=\"feature-content\">\r\n                            <div class=\"feature-icon\">\r\n                                <svg width=\"24\" height=\"24\" viewBox=\"0 0 24 24\" fill=\"none\" stroke=\"currentColor\"\r\n                                    stroke-width=\"2\" stroke-linecap=\"round\" stroke-linejoin=\"round\">\r\n                                    <circle cx=\"12\" cy=\"12\" r=\"10\"><\/circle>\r\n                                    <path d=\"m9 12 2 2 4-4\"><\/path>\r\n                                <\/svg>\r\n                            <\/div>\r\n                            <h3 class=\"feature-title\">Ch\u00ednh x\u00e1c<\/h3>\r\n                            <p class=\"feature-description\">D\u1eef li\u1ec7u \u0111\u1ed3ng b\u1ed9 t\u1eeb T\u1ed5ng c\u1ee5c Thu\u1ebf<\/p>\r\n                        <\/div>\r\n                    <\/div>\r\n\r\n                    <div class=\"feature-card\">\r\n                        <div class=\"feature-content\">\r\n                            <div class=\"feature-icon\">\r\n                                <svg width=\"24\" height=\"24\" viewBox=\"0 0 24 24\" fill=\"none\" stroke=\"currentColor\"\r\n                                    stroke-width=\"2\" stroke-linecap=\"round\" stroke-linejoin=\"round\">\r\n                                    <circle cx=\"11\" cy=\"11\" r=\"8\"><\/circle>\r\n                                    <path d=\"m21 21-4.3-4.3\"><\/path>\r\n                                <\/svg>\r\n                            <\/div>\r\n                            <h3 class=\"feature-title\">Nhanh ch\u00f3ng<\/h3>\r\n                            <p class=\"feature-description\">K\u1ebft qu\u1ea3 tra c\u1ee9u trong v\u00e0i gi\u00e2y<\/p>\r\n                        <\/div>\r\n                    <\/div>\r\n                <\/div>\r\n            <\/div>\r\n        <\/section>\r\n    <\/main>\r\n<\/body>\r\n\r\n<\/html>\t\t\t\t<\/div>\n\t\t\t\t<\/div>\n\t\t\t\t\t<\/div>\n\t\t<\/div>\n\t\t\t\t\t<\/div>\n\t\t<\/section>\n\t\t\t\t<\/div>\n\t\t","protected":false},"excerpt":{"rendered":"<p>Tra c\u1ee9u th\u00f4ng tin Tra c\u1ee9u h\u00f3a \u0111\u01a1n &#038; th\u00f4ng tin doanh nghi\u1ec7p Ki\u1ec3m tra t\u00ednh h\u1ee3p ph\u00e1p c\u1ee7a h\u00f3a \u0111\u01a1n \u0111i\u1ec7n t\u1eed v\u00e0 tra c\u1ee9u th\u00f4ng tin doanh nghi\u1ec7p nhanh ch\u00f3ng Document Mi\u1ec5n ph\u00ed Tra c\u1ee9u kh\u00f4ng gi\u1edbi h\u1ea1n, ho\u00e0n to\u00e0n mi\u1ec5n ph\u00ed Ch\u00ednh x\u00e1c D\u1eef li\u1ec7u \u0111\u1ed3ng b\u1ed9 t\u1eeb T\u1ed5ng c\u1ee5c Thu\u1ebf Nhanh [&hellip;]<\/p>\n","protected":false},"author":1,"featured_media":0,"parent":0,"menu_order":0,"comment_status":"closed","ping_status":"closed","template":"elementor_header_footer","meta":{"footnotes":""},"class_list":["post-160","page","type-page","status-publish","hentry"],"blocksy_meta":[],"_links":{"self":[{"href":"https:\/\/biznext.vn\/index.php\/wp-json\/wp\/v2\/pages\/160","targetHints":{"allow":["GET"]}}],"collection":[{"href":"https:\/\/biznext.vn\/index.php\/wp-json\/wp\/v2\/pages"}],"about":[{"href":"https:\/\/biznext.vn\/index.php\/wp-json\/wp\/v2\/types\/page"}],"author":[{"embeddable":true,"href":"https:\/\/biznext.vn\/index.php\/wp-json\/wp\/v2\/users\/1"}],"replies":[{"embeddable":true,"href":"https:\/\/biznext.vn\/index.php\/wp-json\/wp\/v2\/comments?post=160"}],"version-history":[{"count":23,"href":"https:\/\/biznext.vn\/index.php\/wp-json\/wp\/v2\/pages\/160\/revisions"}],"predecessor-version":[{"id":450,"href":"https:\/\/biznext.vn\/index.php\/wp-json\/wp\/v2\/pages\/160\/revisions\/450"}],"wp:attachment":[{"href":"https:\/\/biznext.vn\/index.php\/wp-json\/wp\/v2\/media?parent=160"}],"curies":[{"name":"wp","href":"https:\/\/api.w.org\/{rel}","templated":true}]}}