{"id":22,"date":"2026-03-29T13:58:32","date_gmt":"2026-03-29T13:58:32","guid":{"rendered":"http:\/\/localhost\/biznext\/?page_id=22"},"modified":"2026-03-29T14:01:54","modified_gmt":"2026-03-29T14:01:54","slug":"dich-vu","status":"publish","type":"page","link":"https:\/\/biznext.vn\/index.php\/dich-vu\/","title":{"rendered":"D\u1ecbch v\u1ee5"},"content":{"rendered":"\t\t<div data-elementor-type=\"wp-page\" data-elementor-id=\"22\" class=\"elementor elementor-22\">\n\t\t\t\t\t\t<section class=\"elementor-section elementor-top-section elementor-element elementor-element-c180d85 elementor-section-boxed elementor-section-height-default elementor-section-height-default\" data-id=\"c180d85\" data-element_type=\"section\" data-e-type=\"section\">\n\t\t\t\t\t\t<div class=\"elementor-container elementor-column-gap-default\">\n\t\t\t\t\t<div class=\"elementor-column elementor-col-100 elementor-top-column elementor-element elementor-element-1799263\" data-id=\"1799263\" data-element_type=\"column\" data-e-type=\"column\">\n\t\t\t<div class=\"elementor-widget-wrap elementor-element-populated\">\n\t\t\t\t\t\t<div class=\"elementor-element elementor-element-8b6a15d elementor-widget__width-inherit elementor-widget elementor-widget-html\" data-id=\"8b6a15d\" data-element_type=\"widget\" data-e-type=\"widget\" data-widget_type=\"html.default\">\n\t\t\t\t<div class=\"elementor-widget-container\">\n\t\t\t\t\t    <main>\r\n        <section id=\"dich-vu\">\r\n            <section class=\"page-hero\">\r\n                <div class=\"container\">\r\n                    <div class=\"page-hero-content\">\r\n                        <span class=\"page-badge\">D\u1ecaCH V\u1ee4<\/span>\r\n                        <h1 class=\"page-title\">Gi\u1ea3i ph\u00e1p to\u00e0n di\u1ec7n<br\/>cho doanh nghi\u1ec7p c\u1ee7a b\u1ea1n<\/h1>\r\n                        <p class=\"page-description\">\r\n                            T\u1eeb t\u01b0 v\u1ea5n, tri\u1ec3n khai \u0111\u1ebfn \u0111\u00e0o t\u1ea1o v\u00e0 h\u1ed7 tr\u1ee3 li\u00ean t\u1ee5c -\r\n                            BizNext \u0111\u1ed3ng h\u00e0nh c\u00f9ng b\u1ea1n trong m\u1ecdi giai \u0111o\u1ea1n ph\u00e1t tri\u1ec3n\r\n                        <\/p>\r\n                    <\/div>\r\n                <\/div>\r\n            <\/section>\r\n\r\n            <section class=\"services-section\">\r\n                <div class=\"container\">\r\n                    <div class=\"service-detail\">\r\n                        <div class=\"service-image\">\r\n                            <img decoding=\"async\" src=\"https:\/\/images.unsplash.com\/photo-1763739527737-e3626d731072?crop=entropy&cs=tinysrgb&fit=max&fm=jpg&q=80&w=1200\" alt=\"T\u01b0 v\u1ea5n tri\u1ec3n khai\">\r\n                        <\/div>\r\n                        <div class=\"service-content\">\r\n                            <div class=\"service-icon\">\r\n                                <svg width=\"32\" height=\"32\" viewBox=\"0 0 24 24\" fill=\"none\" stroke=\"currentColor\" stroke-width=\"2\">\r\n                                    <path d=\"M21 16V8a2 2 0 0 0-1-1.73l-7-4a2 2 0 0 0-2 0l-7 4A2 2 0 0 0 3 8v8a2 2 0 0 0 1 1.73l7 4a2 2 0 0 0 2 0l7-4A2 2 0 0 0 21 16z\"\/>\r\n                                    <path d=\"M3.27 6.96L12 12.01l8.73-5.05M12 22.08V12\"\/>\r\n                                <\/svg>\r\n                            <\/div>\r\n                            <h2 class=\"service-title\">T\u01b0 v\u1ea5n &amp; Tri\u1ec3n khai<\/h2>\r\n                            <p class=\"service-desc\">\r\n                                \u0110\u1ed9i ng\u0169 chuy\u00ean gia gi\u00e0u kinh nghi\u1ec7m c\u1ee7a BizNext s\u1ebd ph\u00e2n t\u00edch quy tr\u00ecnh v\u1eadn h\u00e0nh hi\u1ec7n t\u1ea1i,\r\n                                \u0111\u00e1nh gi\u00e1 nhu c\u1ea7u v\u00e0 \u0111\u1ec1 xu\u1ea5t gi\u1ea3i ph\u00e1p ph\u00f9 h\u1ee3p nh\u1ea5t v\u1edbi quy m\u00f4 v\u00e0 ng\u00e0nh ngh\u1ec1 c\u1ee7a doanh nghi\u1ec7p.\r\n                            <\/p>\r\n                            <ul class=\"service-features\">\r\n                                <li>Kh\u1ea3o s\u00e1t v\u00e0 ph\u00e2n t\u00edch quy tr\u00ecnh hi\u1ec7n t\u1ea1i<\/li>\r\n                                <li>T\u01b0 v\u1ea5n l\u1ef1a ch\u1ecdn module ph\u00f9 h\u1ee3p<\/li>\r\n                                <li>L\u1eadp k\u1ebf ho\u1ea1ch tri\u1ec3n khai chi ti\u1ebft<\/li>\r\n                                <li>C\u1ea5u h\u00ecnh h\u1ec7 th\u1ed1ng theo y\u00eau c\u1ea7u<\/li>\r\n                                <li>Import d\u1eef li\u1ec7u t\u1eeb h\u1ec7 th\u1ed1ng c\u0169<\/li>\r\n                                <li>Test v\u00e0 nghi\u1ec7m thu to\u00e0n di\u1ec7n<\/li>\r\n                            <\/ul>\r\n                            <button class=\"btn-primary btn-large\" type=\"button\">\r\n                                \u0110\u1eb7t l\u1ecbch t\u01b0 v\u1ea5n mi\u1ec5n ph\u00ed\r\n                                <svg width=\"20\" height=\"20\" viewBox=\"0 0 20 20\" fill=\"none\">\r\n                                    <path d=\"M7.5 15L12.5 10L7.5 5\" stroke=\"currentColor\" stroke-width=\"2\" stroke-linecap=\"round\" stroke-linejoin=\"round\"\/>\r\n                                <\/svg>\r\n                            <\/button>\r\n                        <\/div>\r\n                    <\/div>\r\n\r\n                    <div class=\"service-detail reverse\">\r\n                        <div class=\"service-image\">\r\n                            <img decoding=\"async\" src=\"https:\/\/images.unsplash.com\/photo-1765438863717-49fca900f861?crop=entropy&cs=tinysrgb&fit=max&fm=jpg&q=80&w=1200\" alt=\"\u0110\u00e0o t\u1ea1o s\u1eed d\u1ee5ng\">\r\n                        <\/div>\r\n                        <div class=\"service-content\">\r\n                            <div class=\"service-icon\">\r\n                                <svg width=\"32\" height=\"32\" viewBox=\"0 0 24 24\" fill=\"none\" stroke=\"currentColor\" stroke-width=\"2\">\r\n                                    <path d=\"M22 10v6M2 10l10-5 10 5-10 5v-5\"\/>\r\n                                    <path d=\"M6 12v5c3 3 9 3 12 0v-5\"\/>\r\n                                <\/svg>\r\n                            <\/div>\r\n                            <h2 class=\"service-title\">\u0110\u00e0o t\u1ea1o s\u1eed d\u1ee5ng<\/h2>\r\n                            <p class=\"service-desc\">\r\n                                Ch\u01b0\u01a1ng tr\u00ecnh \u0111\u00e0o t\u1ea1o to\u00e0n di\u1ec7n gi\u00fap \u0111\u1ed9i ng\u0169 c\u1ee7a b\u1ea1n n\u1eafm v\u1eefng c\u00e1c t\u00ednh n\u0103ng v\u00e0\r\n                                s\u1eed d\u1ee5ng h\u1ec7 th\u1ed1ng hi\u1ec7u qu\u1ea3 ngay t\u1eeb ng\u00e0y \u0111\u1ea7u ti\u00ean.\r\n                            <\/p>\r\n                            <ul class=\"service-features\">\r\n                                <li>\u0110\u00e0o t\u1ea1o tr\u1ef1c ti\u1ebfp t\u1ea1i v\u0103n ph\u00f2ng<\/li>\r\n                                <li>Video h\u01b0\u1edbng d\u1eabn chi ti\u1ebft t\u1eebng ch\u1ee9c n\u0103ng<\/li>\r\n                                <li>T\u00e0i li\u1ec7u s\u1eed d\u1ee5ng b\u1eb1ng ti\u1ebfng Vi\u1ec7t<\/li>\r\n                                <li>H\u1ed9i th\u1ea3o tr\u1ef1c tuy\u1ebfn \u0111\u1ecbnh k\u1ef3<\/li>\r\n                                <li>Kh\u00f3a h\u1ecdc n\u00e2ng cao cho qu\u1ea3n tr\u1ecb vi\u00ean<\/li>\r\n                                <li>Ch\u1ee9ng ch\u1ec9 ho\u00e0n th\u00e0nh kh\u00f3a h\u1ecdc<\/li>\r\n                            <\/ul>\r\n                            <div class=\"service-stats\">\r\n                                <div class=\"stat-item\">\r\n                                    <div class=\"stat-number\">500+<\/div>\r\n                                    <div class=\"stat-label\">Kh\u00f3a \u0111\u00e0o t\u1ea1o<\/div>\r\n                                <\/div>\r\n                                <div class=\"stat-item\">\r\n                                    <div class=\"stat-number\">5,000+<\/div>\r\n                                    <div class=\"stat-label\">H\u1ecdc vi\u00ean<\/div>\r\n                                <\/div>\r\n                                <div class=\"stat-item\">\r\n                                    <div class=\"stat-number\">98%<\/div>\r\n                                    <div class=\"stat-label\">H\u00e0i l\u00f2ng<\/div>\r\n                                <\/div>\r\n                            <\/div>\r\n                        <\/div>\r\n                    <\/div>\r\n\r\n                    <div class=\"service-detail\">\r\n                        <div class=\"service-image\">\r\n                            <img decoding=\"async\" src=\"https:\/\/images.unsplash.com\/photo-1553775282-20af80779df7?crop=entropy&cs=tinysrgb&fit=max&fm=jpg&q=80&w=1200\" alt=\"H\u1ed7 tr\u1ee3 kh\u00e1ch h\u00e0ng 24\/7\">\r\n                        <\/div>\r\n                        <div class=\"service-content\">\r\n                            <div class=\"service-icon\">\r\n                                <svg width=\"32\" height=\"32\" viewBox=\"0 0 24 24\" fill=\"none\" stroke=\"currentColor\" stroke-width=\"2\">\r\n                                    <path d=\"M21 15a2 2 0 0 1-2 2H7l-4 4V5a2 2 0 0 1 2-2h14a2 2 0 0 1 2 2z\"\/>\r\n                                <\/svg>\r\n                            <\/div>\r\n                            <h2 class=\"service-title\">H\u1ed7 tr\u1ee3 kh\u00e1ch h\u00e0ng 24\/7<\/h2>\r\n                            <p class=\"service-desc\">\r\n                                \u0110\u1ed9i ng\u0169 h\u1ed7 tr\u1ee3 chuy\u00ean nghi\u1ec7p s\u1eb5n s\u00e0ng gi\u1ea3i \u0111\u00e1p m\u1ecdi th\u1eafc m\u1eafc v\u00e0 x\u1eed l\u00fd s\u1ef1 c\u1ed1\r\n                                nhanh ch\u00f3ng qua nhi\u1ec1u k\u00eanh li\u00ean l\u1ea1c.\r\n                            <\/p>\r\n                            <ul class=\"service-features\">\r\n                                <li>Hotline 24\/7: 1900-xxxx<\/li>\r\n                                <li>Live chat tr\u00ean website<\/li>\r\n                                <li>Email h\u1ed7 tr\u1ee3: support@biznext.vn<\/li>\r\n                                <li>H\u1ec7 th\u1ed1ng ticket qu\u1ea3n l\u00fd y\u00eau c\u1ea7u<\/li>\r\n                                <li>TeamViewer h\u1ed7 tr\u1ee3 t\u1eeb xa<\/li>\r\n                                <li>Th\u1eddi gian ph\u1ea3n h\u1ed3i trung b\u00ecnh &lt; 15 ph\u00fat<\/li>\r\n                            <\/ul>\r\n                        <\/div>\r\n                    <\/div>\r\n\r\n                    <div class=\"service-detail reverse\">\r\n                        <div class=\"service-image\">\r\n                            <img decoding=\"async\" src=\"https:\/\/images.unsplash.com\/photo-1768839721176-2fa91fdce725?crop=entropy&cs=tinysrgb&fit=max&fm=jpg&q=80&w=1200\" alt=\"B\u1ea3o m\u1eadt d\u1eef li\u1ec7u\">\r\n                        <\/div>\r\n                        <div class=\"service-content\">\r\n                            <div class=\"service-icon\">\r\n                                <svg width=\"32\" height=\"32\" viewBox=\"0 0 24 24\" fill=\"none\" stroke=\"currentColor\" stroke-width=\"2\">\r\n                                    <path d=\"M12 22s8-4 8-10V5l-8-3-8 3v7c0 6 8 10 8 10z\"\/>\r\n                                <\/svg>\r\n                            <\/div>\r\n                            <h2 class=\"service-title\">B\u1ea3o m\u1eadt &amp; An to\u00e0n d\u1eef li\u1ec7u<\/h2>\r\n                            <p class=\"service-desc\">\r\n                                H\u1ec7 th\u1ed1ng b\u1ea3o m\u1eadt \u0111a l\u1edbp v\u1edbi c\u00e1c c\u00f4ng ngh\u1ec7 ti\u00ean ti\u1ebfn nh\u1ea5t,\r\n                                \u0111\u1ea3m b\u1ea3o d\u1eef li\u1ec7u doanh nghi\u1ec7p lu\u00f4n an to\u00e0n tuy\u1ec7t \u0111\u1ed1i.\r\n                            <\/p>\r\n                            <ul class=\"service-features\">\r\n                                <li>M\u00e3 h\u00f3a SSL\/TLS 256-bit<\/li>\r\n                                <li>X\u00e1c th\u1ef1c \u0111a y\u1ebfu t\u1ed1 (2FA)<\/li>\r\n                                <li>Backup t\u1ef1 \u0111\u1ed9ng h\u00e0ng ng\u00e0y<\/li>\r\n                                <li>Ph\u00e2n quy\u1ec1n ng\u01b0\u1eddi d\u00f9ng chi ti\u1ebft<\/li>\r\n                                <li>Audit log \u0111\u1ea7y \u0111\u1ee7<\/li>\r\n                                <li>Tu\u00e2n th\u1ee7 ISO 27001<\/li>\r\n                            <\/ul>\r\n                        <\/div>\r\n                    <\/div>\r\n\r\n                    <div class=\"service-detail\">\r\n                        <div class=\"service-image\">\r\n                            <img decoding=\"async\" src=\"https:\/\/images.unsplash.com\/photo-1726065235158-d9c3f817f331?crop=entropy&cs=tinysrgb&fit=max&fm=jpg&q=80&w=1200\" alt=\"T\u00edch h\u1ee3p h\u1ec7 sinh th\u00e1i\">\r\n                        <\/div>\r\n                        <div class=\"service-content\">\r\n                            <div class=\"service-icon\">\r\n                                <svg width=\"32\" height=\"32\" viewBox=\"0 0 24 24\" fill=\"none\" stroke=\"currentColor\" stroke-width=\"2\">\r\n                                    <path d=\"M7 7h10v10H7z\"\/>\r\n                                    <path d=\"M4 4h4v4H4zM16 4h4v4h-4zM4 16h4v4H4zM16 16h4v4h-4z\"\/>\r\n                                <\/svg>\r\n                            <\/div>\r\n                            <h2 class=\"service-title\">T\u00edch h\u1ee3p h\u1ec7 sinh th\u00e1i<\/h2>\r\n                            <p class=\"service-desc\">\r\n                                K\u1ebft n\u1ed1i linh ho\u1ea1t v\u1edbi c\u00e1c n\u1ec1n t\u1ea3ng ph\u1ed5 bi\u1ebfn gi\u00fap doanh nghi\u1ec7p v\u1eadn h\u00e0nh li\u1ec1n m\u1ea1ch,\r\n                                \u0111\u1ed3ng b\u1ed9 d\u1eef li\u1ec7u gi\u1eefa c\u00e1c h\u1ec7 th\u1ed1ng.\r\n                            <\/p>\r\n                            <ul class=\"service-features\">\r\n                                <li>T\u00edch h\u1ee3p ng\u00e2n h\u00e0ng &amp; v\u00ed \u0111i\u1ec7n t\u1eed<\/li>\r\n                                <li>K\u1ebft n\u1ed1i s\u00e0n TM\u0110T<\/li>\r\n                                <li>\u0110\u1ed3ng b\u1ed9 CRM\/ERP<\/li>\r\n                                <li>API m\u1edf cho h\u1ec7 th\u1ed1ng ri\u00eang<\/li>\r\n                                <li>T\u00edch h\u1ee3p ch\u1eef k\u00fd s\u1ed1<\/li>\r\n                                <li>H\u1ed7 tr\u1ee3 webhook realtime<\/li>\r\n                            <\/ul>\r\n                            <div class=\"integration-logos\">\r\n                                <div class=\"integration-item\">Vietcombank<\/div>\r\n                                <div class=\"integration-item\">Momo<\/div>\r\n                                <div class=\"integration-item\">Shopee<\/div>\r\n                                <div class=\"integration-item\">Lazada<\/div>\r\n                                <div class=\"integration-item\">Zalo OA<\/div>\r\n                                <div class=\"integration-item\">Google<\/div>\r\n                            <\/div>\r\n                        <\/div>\r\n                    <\/div>\r\n                <\/div>\r\n            <\/section>\r\n        <\/section>\r\n    <\/main>\t\t\t\t<\/div>\n\t\t\t\t<\/div>\n\t\t\t\t\t<\/div>\n\t\t<\/div>\n\t\t\t\t\t<\/div>\n\t\t<\/section>\n\t\t\t\t<\/div>\n\t\t","protected":false},"excerpt":{"rendered":"<p>D\u1ecaCH V\u1ee4 Gi\u1ea3i ph\u00e1p to\u00e0n di\u1ec7ncho doanh nghi\u1ec7p c\u1ee7a b\u1ea1n T\u1eeb t\u01b0 v\u1ea5n, tri\u1ec3n khai \u0111\u1ebfn \u0111\u00e0o t\u1ea1o v\u00e0 h\u1ed7 tr\u1ee3 li\u00ean t\u1ee5c &#8211; BizNext \u0111\u1ed3ng h\u00e0nh c\u00f9ng b\u1ea1n trong m\u1ecdi giai \u0111o\u1ea1n ph\u00e1t tri\u1ec3n T\u01b0 v\u1ea5n &amp; Tri\u1ec3n khai \u0110\u1ed9i ng\u0169 chuy\u00ean gia gi\u00e0u kinh nghi\u1ec7m c\u1ee7a BizNext s\u1ebd ph\u00e2n t\u00edch quy tr\u00ecnh v\u1eadn [&hellip;]<\/p>\n","protected":false},"author":1,"featured_media":0,"parent":0,"menu_order":0,"comment_status":"closed","ping_status":"closed","template":"","meta":{"footnotes":""},"class_list":["post-22","page","type-page","status-publish","hentry"],"blocksy_meta":[],"_links":{"self":[{"href":"https:\/\/biznext.vn\/index.php\/wp-json\/wp\/v2\/pages\/22","targetHints":{"allow":["GET"]}}],"collection":[{"href":"https:\/\/biznext.vn\/index.php\/wp-json\/wp\/v2\/pages"}],"about":[{"href":"https:\/\/biznext.vn\/index.php\/wp-json\/wp\/v2\/types\/page"}],"author":[{"embeddable":true,"href":"https:\/\/biznext.vn\/index.php\/wp-json\/wp\/v2\/users\/1"}],"replies":[{"embeddable":true,"href":"https:\/\/biznext.vn\/index.php\/wp-json\/wp\/v2\/comments?post=22"}],"version-history":[{"count":5,"href":"https:\/\/biznext.vn\/index.php\/wp-json\/wp\/v2\/pages\/22\/revisions"}],"predecessor-version":[{"id":28,"href":"https:\/\/biznext.vn\/index.php\/wp-json\/wp\/v2\/pages\/22\/revisions\/28"}],"wp:attachment":[{"href":"https:\/\/biznext.vn\/index.php\/wp-json\/wp\/v2\/media?parent=22"}],"curies":[{"name":"wp","href":"https:\/\/api.w.org\/{rel}","templated":true}]}}