{"id":62,"date":"2026-03-29T17:14:18","date_gmt":"2026-03-29T17:14:18","guid":{"rendered":"http:\/\/localhost\/biznext\/?page_id=62"},"modified":"2026-03-29T17:24:34","modified_gmt":"2026-03-29T17:24:34","slug":"tra-cuu-nganh-nghe-kinh-doanh","status":"publish","type":"page","link":"https:\/\/biznext.vn\/index.php\/tra-cuu-nganh-nghe-kinh-doanh\/","title":{"rendered":"Tra c\u1ee9u ng\u00e0nh ngh\u1ec1 kinh doanh"},"content":{"rendered":"\t\t<div data-elementor-type=\"wp-page\" data-elementor-id=\"62\" class=\"elementor elementor-62\">\n\t\t\t\t\t\t<section class=\"elementor-section elementor-top-section elementor-element elementor-element-b2bad8b elementor-section-boxed elementor-section-height-default elementor-section-height-default\" data-id=\"b2bad8b\" data-element_type=\"section\" data-e-type=\"section\">\n\t\t\t\t\t\t<div class=\"elementor-container elementor-column-gap-default\">\n\t\t\t\t\t<div class=\"elementor-column elementor-col-100 elementor-top-column elementor-element elementor-element-c3e4f4f\" data-id=\"c3e4f4f\" data-element_type=\"column\" data-e-type=\"column\">\n\t\t\t<div class=\"elementor-widget-wrap elementor-element-populated\">\n\t\t\t\t\t\t<div class=\"elementor-element elementor-element-6d8eaf4 elementor-widget elementor-widget-text-editor\" data-id=\"6d8eaf4\" data-element_type=\"widget\" data-e-type=\"widget\" data-widget_type=\"text-editor.default\">\n\t\t\t\t<div class=\"elementor-widget-container\">\n\t\t\t\t\t\t\t\t\t<p><span style=\"font-weight: 400; font-size: 14pt;\">Khi \u0111\u0103ng k\u00fd ho\u1ea1t \u0111\u1ed9ng kinh doanh \u1edf b\u1ea5t k\u1ef3 l\u0129nh v\u1ef1c, d\u1ecbch v\u1ee5 n\u00e0o ho\u1eb7c th\u00f4ng b\u00e1o thay \u0111\u1ed5i\/b\u1ed5 sung ng\u00e0nh ngh\u1ec1 kinh doanh \u0111\u00e3 \u0111\u0103ng k\u00fd, c\u1ea7n ph\u1ea3i t\u00ecm hi\u1ec3u, khai b\u00e1o m\u00e3 ng\u00e0nh ngh\u1ec1 kinh doanh theo \u0111\u00fang quy \u0111\u1ecbnh c\u1ee7a ph\u00e1p lu\u1eadt. H\u00e3y nh\u1eadp th\u00f4ng tin c\u1ea7n tra c\u1ee9u ngay trong \u00f4 \u201cTra c\u1ee9u\u201d d\u01b0\u1edbi \u0111\u00e2y.\u00a0<\/span><\/p><p><span style=\"font-weight: 400; font-size: 14pt;\"><span style=\"font-size: 14pt;\"><span style=\"font-weight: 400;\">(C\u0103n c\u1ee9: <\/span><a href=\"https:\/\/vanban.chinhphu.vn\/?pageid=27160&amp;docid=194154\" target=\"_blank\" rel=\"nofollow noopener\"><span style=\"font-weight: 400;\">Quy\u1ebft \u0111\u1ecbnh s\u1ed1 27\/2018\/Q\u0110-TTg<\/span><\/a><span style=\"font-weight: 400;\">)<\/span><\/span><\/span><\/p><p><span style=\"font-weight: 400; font-size: 12pt;\">* L\u01b0u \u00fd: Nh\u1eadp t\u00ean t\u1eeb kh\u00f3a ng\u00e0nh ngh\u1ec1 kinh doanh c\u00f3 d\u1ea5u, tr\u1ecdng t\u00e2m (V\u00ed d\u1ee5: s\u1ea3n xu\u1ea5t, ch\u0103n nu\u00f4i, \u0111\u1ed3 u\u1ed1ng, bao b\u00ec,&#8230;). N\u1ebfu kh\u00f4ng tra c\u1ee9u \u0111\u01b0\u1ee3c m\u00e3 ng\u00e0nh ngh\u1ec1 kinh doanh mong mu\u1ed1n, li\u00ean h\u1ec7 ngay FPT BizNext \u0111\u1ec3 \u0111\u01b0\u1ee3c chuy\u00ean vi\u00ean h\u1ed7 tr\u1ee3 v\u00e0 t\u01b0 v\u1ea5n l\u1ef1a ch\u1ecdn ng\u00e0nh ngh\u1ec1 kinh doanh ph\u00f9 h\u1ee3p nh\u1ea5t.<\/span><\/p>\t\t\t\t\t\t\t\t<\/div>\n\t\t\t\t<\/div>\n\t\t\t\t\t<\/div>\n\t\t<\/div>\n\t\t\t\t\t<\/div>\n\t\t<\/section>\n\t\t\t\t<section class=\"elementor-section elementor-top-section elementor-element elementor-element-6493186 elementor-section-boxed elementor-section-height-default elementor-section-height-default\" data-id=\"6493186\" data-element_type=\"section\" data-e-type=\"section\">\n\t\t\t\t\t\t<div class=\"elementor-container elementor-column-gap-default\">\n\t\t\t\t\t<div class=\"elementor-column elementor-col-100 elementor-top-column elementor-element elementor-element-c098e85\" data-id=\"c098e85\" data-element_type=\"column\" data-e-type=\"column\">\n\t\t\t<div class=\"elementor-widget-wrap elementor-element-populated\">\n\t\t\t\t\t\t<div class=\"elementor-element elementor-element-352f9f1 elementor-widget elementor-widget-html\" data-id=\"352f9f1\" data-element_type=\"widget\" data-e-type=\"widget\" data-widget_type=\"html.default\">\n\t\t\t\t<div class=\"elementor-widget-container\">\n\t\t\t\t\t<div class=\"wpdt-c\">\n    <div class=\"alert alert-danger m-10\" role=\"alert\">\n        <span class=\"wdt-alert-title f-600\">Error<br><\/span>\n        <span class=\"wdt-alert-subtitle\">Provided file D:\/xampp\/htdocs\/biznext\/wp-content\/uploads\/2026\/03\/5-nganh_nghe_kinh_te2.csv does not exist!<\/span>\n    <\/div>\n<\/div>\t\t\t\t<\/div>\n\t\t\t\t<\/div>\n\t\t\t\t\t<\/div>\n\t\t<\/div>\n\t\t\t\t\t<\/div>\n\t\t<\/section>\n\t\t\t\t<\/div>\n\t\t","protected":false},"excerpt":{"rendered":"<p>Khi \u0111\u0103ng k\u00fd ho\u1ea1t \u0111\u1ed9ng kinh doanh \u1edf b\u1ea5t k\u1ef3 l\u0129nh v\u1ef1c, d\u1ecbch v\u1ee5 n\u00e0o ho\u1eb7c th\u00f4ng b\u00e1o thay \u0111\u1ed5i\/b\u1ed5 sung ng\u00e0nh ngh\u1ec1 kinh doanh \u0111\u00e3 \u0111\u0103ng k\u00fd, c\u1ea7n ph\u1ea3i t\u00ecm hi\u1ec3u, khai b\u00e1o m\u00e3 ng\u00e0nh ngh\u1ec1 kinh doanh theo \u0111\u00fang quy \u0111\u1ecbnh c\u1ee7a ph\u00e1p lu\u1eadt. H\u00e3y nh\u1eadp th\u00f4ng tin c\u1ea7n tra c\u1ee9u ngay trong [&hellip;]<\/p>\n","protected":false},"author":1,"featured_media":0,"parent":0,"menu_order":0,"comment_status":"closed","ping_status":"closed","template":"","meta":{"footnotes":""},"class_list":["post-62","page","type-page","status-publish","hentry"],"blocksy_meta":[],"_links":{"self":[{"href":"https:\/\/biznext.vn\/index.php\/wp-json\/wp\/v2\/pages\/62","targetHints":{"allow":["GET"]}}],"collection":[{"href":"https:\/\/biznext.vn\/index.php\/wp-json\/wp\/v2\/pages"}],"about":[{"href":"https:\/\/biznext.vn\/index.php\/wp-json\/wp\/v2\/types\/page"}],"author":[{"embeddable":true,"href":"https:\/\/biznext.vn\/index.php\/wp-json\/wp\/v2\/users\/1"}],"replies":[{"embeddable":true,"href":"https:\/\/biznext.vn\/index.php\/wp-json\/wp\/v2\/comments?post=62"}],"version-history":[{"count":4,"href":"https:\/\/biznext.vn\/index.php\/wp-json\/wp\/v2\/pages\/62\/revisions"}],"predecessor-version":[{"id":68,"href":"https:\/\/biznext.vn\/index.php\/wp-json\/wp\/v2\/pages\/62\/revisions\/68"}],"wp:attachment":[{"href":"https:\/\/biznext.vn\/index.php\/wp-json\/wp\/v2\/media?parent=62"}],"curies":[{"name":"wp","href":"https:\/\/api.w.org\/{rel}","templated":true}]}}